{"id":808,"date":"2025-06-26T14:05:16","date_gmt":"2025-06-26T14:05:16","guid":{"rendered":"https:\/\/clinicasomesan.ro\/farmacie\/?page_id=808"},"modified":"2025-06-26T14:15:29","modified_gmt":"2025-06-26T14:15:29","slug":"politica-confidentialitate","status":"publish","type":"page","link":"https:\/\/clinicasomesan.ro\/farmacie\/politica-confidentialitate\/","title":{"rendered":"Politica de confiden\u021bialitate"},"content":{"rendered":"<p>Farmacia Somesan respect\u0103 confiden\u021bialitatea datelor utilizatorilor. Nu colect\u0103m date personale \u00een scopuri comerciale.<\/p>\n<p>Site-ul poate utiliza cookie-uri pentru \u00eembun\u0103t\u0103\u021birea experien\u021bei de navigare, dar nu stocheaz\u0103 informa\u021bii cu caracter personal \u00een afara analiticelor de trafic (Google Analytics, etc.).<\/p>\n<p><strong>Ap\u0103sarea butonului \u201eCump\u0103r\u0103\u201d v\u0103 va redirec\u021biona c\u0103tre un site ter\u021b<\/strong>, care este responsabil pentru politica proprie de confiden\u021bialitate.<\/p>\n<p><strong>Farmacia Somesan nu are leg\u0103tur\u0103 cu clinica Somesan<\/strong> \u0219i nu este implicat\u0103 \u00een procese de v\u00e2nzare sau prelucrare a comenzilor.<\/p>\n","protected":false},"excerpt":{"rendered":"<p>Farmacia Somesan respect\u0103 confiden\u021bialitatea datelor utilizatorilor. Nu colect\u0103m date personale \u00een scopuri comerciale. Site-ul poate utiliza cookie-uri pentru \u00eembun\u0103t\u0103\u021birea experien\u021bei [&hellip;]<\/p>\n","protected":false},"author":1,"featured_media":0,"parent":0,"menu_order":0,"comment_status":"closed","ping_status":"closed","template":"","meta":{"site-sidebar-layout":"default","site-content-layout":"","ast-site-content-layout":"default","site-content-style":"default","site-sidebar-style":"default","ast-global-header-display":"","ast-banner-title-visibility":"","ast-main-header-display":"","ast-hfb-above-header-display":"","ast-hfb-below-header-display":"","ast-hfb-mobile-header-display":"","site-post-title":"","ast-breadcrumbs-content":"","ast-featured-img":"","footer-sml-layout":"","theme-transparent-header-meta":"default","adv-header-id-meta":"","stick-header-meta":"","header-above-stick-meta":"","header-main-stick-meta":"","header-below-stick-meta":"","astra-migrate-meta-layouts":"set","ast-page-background-enabled":"default","ast-page-background-meta":{"desktop":{"background-color":"var(--ast-global-color-5)","background-image":"","background-repeat":"repeat","background-position":"center center","background-size":"auto","background-attachment":"scroll","background-type":"","background-media":"","overlay-type":"","overlay-color":"","overlay-opacity":"","overlay-gradient":""},"tablet":{"background-color":"","background-image":"","background-repeat":"repeat","background-position":"center center","background-size":"auto","background-attachment":"scroll","background-type":"","background-media":"","overlay-type":"","overlay-color":"","overlay-opacity":"","overlay-gradient":""},"mobile":{"background-color":"","background-image":"","background-repeat":"repeat","background-position":"center center","background-size":"auto","background-attachment":"scroll","background-type":"","background-media":"","overlay-type":"","overlay-color":"","overlay-opacity":"","overlay-gradient":""}},"ast-content-background-meta":{"desktop":{"background-color":"var(--ast-global-color-4)","background-image":"","background-repeat":"repeat","background-position":"center center","background-size":"auto","background-attachment":"scroll","background-type":"","background-media":"","overlay-type":"","overlay-color":"","overlay-opacity":"","overlay-gradient":""},"tablet":{"background-color":"var(--ast-global-color-4)","background-image":"","background-repeat":"repeat","background-position":"center center","background-size":"auto","background-attachment":"scroll","background-type":"","background-media":"","overlay-type":"","overlay-color":"","overlay-opacity":"","overlay-gradient":""},"mobile":{"background-color":"var(--ast-global-color-4)","background-image":"","background-repeat":"repeat","background-position":"center center","background-size":"auto","background-attachment":"scroll","background-type":"","background-media":"","overlay-type":"","overlay-color":"","overlay-opacity":"","overlay-gradient":""}},"footnotes":""},"class_list":["post-808","page","type-page","status-publish","hentry"],"yoast_head":"<!-- This site is optimized with the Yoast SEO plugin v26.4 - https:\/\/yoast.com\/wordpress\/plugins\/seo\/ -->\n<title>Politica de confiden\u021bialitate - Farmacia Somesan<\/title>\n<meta name=\"robots\" content=\"index, follow, max-snippet:-1, max-image-preview:large, max-video-preview:-1\" \/>\n<link rel=\"canonical\" href=\"https:\/\/clinicasomesan.ro\/farmacie\/politica-confidentialitate\/\" \/>\n<meta property=\"og:locale\" content=\"ro_RO\" \/>\n<meta property=\"og:type\" content=\"article\" \/>\n<meta property=\"og:title\" content=\"Politica de confiden\u021bialitate - Farmacia Somesan\" \/>\n<meta property=\"og:description\" content=\"Farmacia Somesan respect\u0103 confiden\u021bialitatea datelor utilizatorilor. Nu colect\u0103m date personale \u00een scopuri comerciale. Site-ul poate utiliza cookie-uri pentru \u00eembun\u0103t\u0103\u021birea experien\u021bei [&hellip;]\" \/>\n<meta property=\"og:url\" content=\"https:\/\/clinicasomesan.ro\/farmacie\/politica-confidentialitate\/\" \/>\n<meta property=\"og:site_name\" content=\"Farmacia Somesan\" \/>\n<meta property=\"article:modified_time\" content=\"2025-06-26T14:15:29+00:00\" \/>\n<meta name=\"twitter:card\" content=\"summary_large_image\" \/>\n<meta name=\"twitter:label1\" content=\"Timp estimat pentru citire\" \/>\n\t<meta name=\"twitter:data1\" content=\"1 minut\" \/>\n<script type=\"application\/ld+json\" class=\"yoast-schema-graph\">{\"@context\":\"https:\/\/schema.org\",\"@graph\":[{\"@type\":\"WebPage\",\"@id\":\"https:\/\/clinicasomesan.ro\/farmacie\/politica-confidentialitate\/\",\"url\":\"https:\/\/clinicasomesan.ro\/farmacie\/politica-confidentialitate\/\",\"name\":\"Politica de confiden\u021bialitate - Farmacia Somesan\",\"isPartOf\":{\"@id\":\"https:\/\/clinicasomesan.ro\/farmacie\/#website\"},\"datePublished\":\"2025-06-26T14:05:16+00:00\",\"dateModified\":\"2025-06-26T14:15:29+00:00\",\"breadcrumb\":{\"@id\":\"https:\/\/clinicasomesan.ro\/farmacie\/politica-confidentialitate\/#breadcrumb\"},\"inLanguage\":\"ro-RO\",\"potentialAction\":[{\"@type\":\"ReadAction\",\"target\":[\"https:\/\/clinicasomesan.ro\/farmacie\/politica-confidentialitate\/\"]}]},{\"@type\":\"BreadcrumbList\",\"@id\":\"https:\/\/clinicasomesan.ro\/farmacie\/politica-confidentialitate\/#breadcrumb\",\"itemListElement\":[{\"@type\":\"ListItem\",\"position\":1,\"name\":\"\u0413\u043b\u0430\u0432\u043d\u0430\u044f \u0441\u0442\u0440\u0430\u043d\u0438\u0446\u0430\",\"item\":\"https:\/\/clinicasomesan.ro\/farmacie\/\"},{\"@type\":\"ListItem\",\"position\":2,\"name\":\"Politica de confiden\u021bialitate\"}]},{\"@type\":\"WebSite\",\"@id\":\"https:\/\/clinicasomesan.ro\/farmacie\/#website\",\"url\":\"https:\/\/clinicasomesan.ro\/farmacie\/\",\"name\":\"Farmacie Somesan\",\"description\":\"\",\"potentialAction\":[{\"@type\":\"SearchAction\",\"target\":{\"@type\":\"EntryPoint\",\"urlTemplate\":\"https:\/\/clinicasomesan.ro\/farmacie\/?s={search_term_string}\"},\"query-input\":{\"@type\":\"PropertyValueSpecification\",\"valueRequired\":true,\"valueName\":\"search_term_string\"}}],\"inLanguage\":\"ro-RO\"}]}<\/script>\n<!-- \/ Yoast SEO plugin. -->","yoast_head_json":{"title":"Politica de confiden\u021bialitate - Farmacia Somesan","robots":{"index":"index","follow":"follow","max-snippet":"max-snippet:-1","max-image-preview":"max-image-preview:large","max-video-preview":"max-video-preview:-1"},"canonical":"https:\/\/clinicasomesan.ro\/farmacie\/politica-confidentialitate\/","og_locale":"ro_RO","og_type":"article","og_title":"Politica de confiden\u021bialitate - Farmacia Somesan","og_description":"Farmacia Somesan respect\u0103 confiden\u021bialitatea datelor utilizatorilor. Nu colect\u0103m date personale \u00een scopuri comerciale. Site-ul poate utiliza cookie-uri pentru \u00eembun\u0103t\u0103\u021birea experien\u021bei [&hellip;]","og_url":"https:\/\/clinicasomesan.ro\/farmacie\/politica-confidentialitate\/","og_site_name":"Farmacia Somesan","article_modified_time":"2025-06-26T14:15:29+00:00","twitter_card":"summary_large_image","twitter_misc":{"Timp estimat pentru citire":"1 minut"},"schema":{"@context":"https:\/\/schema.org","@graph":[{"@type":"WebPage","@id":"https:\/\/clinicasomesan.ro\/farmacie\/politica-confidentialitate\/","url":"https:\/\/clinicasomesan.ro\/farmacie\/politica-confidentialitate\/","name":"Politica de confiden\u021bialitate - Farmacia Somesan","isPartOf":{"@id":"https:\/\/clinicasomesan.ro\/farmacie\/#website"},"datePublished":"2025-06-26T14:05:16+00:00","dateModified":"2025-06-26T14:15:29+00:00","breadcrumb":{"@id":"https:\/\/clinicasomesan.ro\/farmacie\/politica-confidentialitate\/#breadcrumb"},"inLanguage":"ro-RO","potentialAction":[{"@type":"ReadAction","target":["https:\/\/clinicasomesan.ro\/farmacie\/politica-confidentialitate\/"]}]},{"@type":"BreadcrumbList","@id":"https:\/\/clinicasomesan.ro\/farmacie\/politica-confidentialitate\/#breadcrumb","itemListElement":[{"@type":"ListItem","position":1,"name":"\u0413\u043b\u0430\u0432\u043d\u0430\u044f \u0441\u0442\u0440\u0430\u043d\u0438\u0446\u0430","item":"https:\/\/clinicasomesan.ro\/farmacie\/"},{"@type":"ListItem","position":2,"name":"Politica de confiden\u021bialitate"}]},{"@type":"WebSite","@id":"https:\/\/clinicasomesan.ro\/farmacie\/#website","url":"https:\/\/clinicasomesan.ro\/farmacie\/","name":"Farmacie Somesan","description":"","potentialAction":[{"@type":"SearchAction","target":{"@type":"EntryPoint","urlTemplate":"https:\/\/clinicasomesan.ro\/farmacie\/?s={search_term_string}"},"query-input":{"@type":"PropertyValueSpecification","valueRequired":true,"valueName":"search_term_string"}}],"inLanguage":"ro-RO"}]}},"_links":{"self":[{"href":"https:\/\/clinicasomesan.ro\/farmacie\/wp-json\/wp\/v2\/pages\/808","targetHints":{"allow":["GET"]}}],"collection":[{"href":"https:\/\/clinicasomesan.ro\/farmacie\/wp-json\/wp\/v2\/pages"}],"about":[{"href":"https:\/\/clinicasomesan.ro\/farmacie\/wp-json\/wp\/v2\/types\/page"}],"author":[{"embeddable":true,"href":"https:\/\/clinicasomesan.ro\/farmacie\/wp-json\/wp\/v2\/users\/1"}],"replies":[{"embeddable":true,"href":"https:\/\/clinicasomesan.ro\/farmacie\/wp-json\/wp\/v2\/comments?post=808"}],"version-history":[{"count":2,"href":"https:\/\/clinicasomesan.ro\/farmacie\/wp-json\/wp\/v2\/pages\/808\/revisions"}],"predecessor-version":[{"id":812,"href":"https:\/\/clinicasomesan.ro\/farmacie\/wp-json\/wp\/v2\/pages\/808\/revisions\/812"}],"wp:attachment":[{"href":"https:\/\/clinicasomesan.ro\/farmacie\/wp-json\/wp\/v2\/media?parent=808"}],"curies":[{"name":"wp","href":"https:\/\/api.w.org\/{rel}","templated":true}]}}