{"id":815,"date":"2025-06-26T14:07:39","date_gmt":"2025-06-26T14:07:39","guid":{"rendered":"https:\/\/clinicasomesan.ro\/farmacie\/?page_id=815"},"modified":"2025-06-26T14:07:39","modified_gmt":"2025-06-26T14:07:39","slug":"contact","status":"publish","type":"page","link":"https:\/\/clinicasomesan.ro\/farmacie\/contact\/","title":{"rendered":"Contact"},"content":{"rendered":"<h2><\/h2>\n<p>Farmacia Somesan este un proiect online, f\u0103r\u0103 sediu fizic. Pentru orice \u00eentreb\u0103ri legate de con\u021binutul site-ului, ne pute\u021bi contacta la:<\/p>\n<p><strong>Email:<\/strong> <a href=\"mailto:contact@farmaciasomesan.ro\">contact@farmaciasomesan.ro<\/a><\/p>\n<p><strong>V\u0103 rug\u0103m s\u0103 re\u021bine\u021bi:<\/strong><\/p>\n<ul>\n<li>Nu proces\u0103m comenzi.<\/li>\n<li>Nu oferim consulta\u021bii medicale.<\/li>\n<li>Nu avem leg\u0103tur\u0103 cu clinica Somesan.<\/li>\n<\/ul>\n<p>Pentru achizi\u021bia produselor prezentate, ve\u021bi fi direc\u021bionat c\u0103tre site-ul oficial al distribuitorului sau produc\u0103torului.<\/p>\n","protected":false},"excerpt":{"rendered":"<p>Farmacia Somesan este un proiect online, f\u0103r\u0103 sediu fizic. Pentru orice \u00eentreb\u0103ri legate de con\u021binutul site-ului, ne pute\u021bi contacta la: [&hellip;]<\/p>\n","protected":false},"author":1,"featured_media":0,"parent":0,"menu_order":0,"comment_status":"closed","ping_status":"closed","template":"","meta":{"site-sidebar-layout":"default","site-content-layout":"","ast-site-content-layout":"default","site-content-style":"default","site-sidebar-style":"default","ast-global-header-display":"","ast-banner-title-visibility":"","ast-main-header-display":"","ast-hfb-above-header-display":"","ast-hfb-below-header-display":"","ast-hfb-mobile-header-display":"","site-post-title":"","ast-breadcrumbs-content":"","ast-featured-img":"","footer-sml-layout":"","theme-transparent-header-meta":"default","adv-header-id-meta":"","stick-header-meta":"","header-above-stick-meta":"","header-main-stick-meta":"","header-below-stick-meta":"","astra-migrate-meta-layouts":"set","ast-page-background-enabled":"default","ast-page-background-meta":{"desktop":{"background-color":"var(--ast-global-color-5)","background-image":"","background-repeat":"repeat","background-position":"center center","background-size":"auto","background-attachment":"scroll","background-type":"","background-media":"","overlay-type":"","overlay-color":"","overlay-opacity":"","overlay-gradient":""},"tablet":{"background-color":"","background-image":"","background-repeat":"repeat","background-position":"center center","background-size":"auto","background-attachment":"scroll","background-type":"","background-media":"","overlay-type":"","overlay-color":"","overlay-opacity":"","overlay-gradient":""},"mobile":{"background-color":"","background-image":"","background-repeat":"repeat","background-position":"center center","background-size":"auto","background-attachment":"scroll","background-type":"","background-media":"","overlay-type":"","overlay-color":"","overlay-opacity":"","overlay-gradient":""}},"ast-content-background-meta":{"desktop":{"background-color":"var(--ast-global-color-4)","background-image":"","background-repeat":"repeat","background-position":"center center","background-size":"auto","background-attachment":"scroll","background-type":"","background-media":"","overlay-type":"","overlay-color":"","overlay-opacity":"","overlay-gradient":""},"tablet":{"background-color":"var(--ast-global-color-4)","background-image":"","background-repeat":"repeat","background-position":"center center","background-size":"auto","background-attachment":"scroll","background-type":"","background-media":"","overlay-type":"","overlay-color":"","overlay-opacity":"","overlay-gradient":""},"mobile":{"background-color":"var(--ast-global-color-4)","background-image":"","background-repeat":"repeat","background-position":"center center","background-size":"auto","background-attachment":"scroll","background-type":"","background-media":"","overlay-type":"","overlay-color":"","overlay-opacity":"","overlay-gradient":""}},"footnotes":""},"class_list":["post-815","page","type-page","status-publish","hentry"],"yoast_head":"<!-- This site is optimized with the Yoast SEO plugin v26.4 - https:\/\/yoast.com\/wordpress\/plugins\/seo\/ -->\n<title>Contact - Farmacia Somesan<\/title>\n<meta name=\"robots\" content=\"index, follow, max-snippet:-1, max-image-preview:large, max-video-preview:-1\" \/>\n<link rel=\"canonical\" href=\"https:\/\/clinicasomesan.ro\/farmacie\/contact\/\" \/>\n<meta property=\"og:locale\" content=\"ro_RO\" \/>\n<meta property=\"og:type\" content=\"article\" \/>\n<meta property=\"og:title\" content=\"Contact - Farmacia Somesan\" \/>\n<meta property=\"og:description\" content=\"Farmacia Somesan este un proiect online, f\u0103r\u0103 sediu fizic. Pentru orice \u00eentreb\u0103ri legate de con\u021binutul site-ului, ne pute\u021bi contacta la: [&hellip;]\" \/>\n<meta property=\"og:url\" content=\"https:\/\/clinicasomesan.ro\/farmacie\/contact\/\" \/>\n<meta property=\"og:site_name\" content=\"Farmacia Somesan\" \/>\n<meta name=\"twitter:card\" content=\"summary_large_image\" \/>\n<meta name=\"twitter:label1\" content=\"Timp estimat pentru citire\" \/>\n\t<meta name=\"twitter:data1\" content=\"1 minut\" \/>\n<script type=\"application\/ld+json\" class=\"yoast-schema-graph\">{\"@context\":\"https:\/\/schema.org\",\"@graph\":[{\"@type\":\"WebPage\",\"@id\":\"https:\/\/clinicasomesan.ro\/farmacie\/contact\/\",\"url\":\"https:\/\/clinicasomesan.ro\/farmacie\/contact\/\",\"name\":\"Contact - Farmacia Somesan\",\"isPartOf\":{\"@id\":\"https:\/\/clinicasomesan.ro\/farmacie\/#website\"},\"datePublished\":\"2025-06-26T14:07:39+00:00\",\"breadcrumb\":{\"@id\":\"https:\/\/clinicasomesan.ro\/farmacie\/contact\/#breadcrumb\"},\"inLanguage\":\"ro-RO\",\"potentialAction\":[{\"@type\":\"ReadAction\",\"target\":[\"https:\/\/clinicasomesan.ro\/farmacie\/contact\/\"]}]},{\"@type\":\"BreadcrumbList\",\"@id\":\"https:\/\/clinicasomesan.ro\/farmacie\/contact\/#breadcrumb\",\"itemListElement\":[{\"@type\":\"ListItem\",\"position\":1,\"name\":\"\u0413\u043b\u0430\u0432\u043d\u0430\u044f \u0441\u0442\u0440\u0430\u043d\u0438\u0446\u0430\",\"item\":\"https:\/\/clinicasomesan.ro\/farmacie\/\"},{\"@type\":\"ListItem\",\"position\":2,\"name\":\"Contact\"}]},{\"@type\":\"WebSite\",\"@id\":\"https:\/\/clinicasomesan.ro\/farmacie\/#website\",\"url\":\"https:\/\/clinicasomesan.ro\/farmacie\/\",\"name\":\"Farmacie Somesan\",\"description\":\"\",\"potentialAction\":[{\"@type\":\"SearchAction\",\"target\":{\"@type\":\"EntryPoint\",\"urlTemplate\":\"https:\/\/clinicasomesan.ro\/farmacie\/?s={search_term_string}\"},\"query-input\":{\"@type\":\"PropertyValueSpecification\",\"valueRequired\":true,\"valueName\":\"search_term_string\"}}],\"inLanguage\":\"ro-RO\"}]}<\/script>\n<!-- \/ Yoast SEO plugin. -->","yoast_head_json":{"title":"Contact - Farmacia Somesan","robots":{"index":"index","follow":"follow","max-snippet":"max-snippet:-1","max-image-preview":"max-image-preview:large","max-video-preview":"max-video-preview:-1"},"canonical":"https:\/\/clinicasomesan.ro\/farmacie\/contact\/","og_locale":"ro_RO","og_type":"article","og_title":"Contact - Farmacia Somesan","og_description":"Farmacia Somesan este un proiect online, f\u0103r\u0103 sediu fizic. Pentru orice \u00eentreb\u0103ri legate de con\u021binutul site-ului, ne pute\u021bi contacta la: [&hellip;]","og_url":"https:\/\/clinicasomesan.ro\/farmacie\/contact\/","og_site_name":"Farmacia Somesan","twitter_card":"summary_large_image","twitter_misc":{"Timp estimat pentru citire":"1 minut"},"schema":{"@context":"https:\/\/schema.org","@graph":[{"@type":"WebPage","@id":"https:\/\/clinicasomesan.ro\/farmacie\/contact\/","url":"https:\/\/clinicasomesan.ro\/farmacie\/contact\/","name":"Contact - Farmacia Somesan","isPartOf":{"@id":"https:\/\/clinicasomesan.ro\/farmacie\/#website"},"datePublished":"2025-06-26T14:07:39+00:00","breadcrumb":{"@id":"https:\/\/clinicasomesan.ro\/farmacie\/contact\/#breadcrumb"},"inLanguage":"ro-RO","potentialAction":[{"@type":"ReadAction","target":["https:\/\/clinicasomesan.ro\/farmacie\/contact\/"]}]},{"@type":"BreadcrumbList","@id":"https:\/\/clinicasomesan.ro\/farmacie\/contact\/#breadcrumb","itemListElement":[{"@type":"ListItem","position":1,"name":"\u0413\u043b\u0430\u0432\u043d\u0430\u044f \u0441\u0442\u0440\u0430\u043d\u0438\u0446\u0430","item":"https:\/\/clinicasomesan.ro\/farmacie\/"},{"@type":"ListItem","position":2,"name":"Contact"}]},{"@type":"WebSite","@id":"https:\/\/clinicasomesan.ro\/farmacie\/#website","url":"https:\/\/clinicasomesan.ro\/farmacie\/","name":"Farmacie Somesan","description":"","potentialAction":[{"@type":"SearchAction","target":{"@type":"EntryPoint","urlTemplate":"https:\/\/clinicasomesan.ro\/farmacie\/?s={search_term_string}"},"query-input":{"@type":"PropertyValueSpecification","valueRequired":true,"valueName":"search_term_string"}}],"inLanguage":"ro-RO"}]}},"_links":{"self":[{"href":"https:\/\/clinicasomesan.ro\/farmacie\/wp-json\/wp\/v2\/pages\/815","targetHints":{"allow":["GET"]}}],"collection":[{"href":"https:\/\/clinicasomesan.ro\/farmacie\/wp-json\/wp\/v2\/pages"}],"about":[{"href":"https:\/\/clinicasomesan.ro\/farmacie\/wp-json\/wp\/v2\/types\/page"}],"author":[{"embeddable":true,"href":"https:\/\/clinicasomesan.ro\/farmacie\/wp-json\/wp\/v2\/users\/1"}],"replies":[{"embeddable":true,"href":"https:\/\/clinicasomesan.ro\/farmacie\/wp-json\/wp\/v2\/comments?post=815"}],"version-history":[{"count":1,"href":"https:\/\/clinicasomesan.ro\/farmacie\/wp-json\/wp\/v2\/pages\/815\/revisions"}],"predecessor-version":[{"id":816,"href":"https:\/\/clinicasomesan.ro\/farmacie\/wp-json\/wp\/v2\/pages\/815\/revisions\/816"}],"wp:attachment":[{"href":"https:\/\/clinicasomesan.ro\/farmacie\/wp-json\/wp\/v2\/media?parent=815"}],"curies":[{"name":"wp","href":"https:\/\/api.w.org\/{rel}","templated":true}]}}